{"id":33206,"date":"2022-08-12T15:44:19","date_gmt":"2022-08-12T13:44:19","guid":{"rendered":"https:\/\/tastyloire.com\/2022\/?page_id=33206"},"modified":"2022-09-14T15:28:20","modified_gmt":"2022-09-14T13:28:20","slug":"tasty-food","status":"publish","type":"page","link":"https:\/\/tastyloire.com\/fr\/tasty-food","title":{"rendered":"Tasty Food"},"content":{"rendered":"\n<h2 class=\"has-text-align-center wp-block-heading\"><strong>SP\u00c9CIALIT\u00c9S AGRO-ALIMENTAIRES <\/strong><\/h2>\n\n\n\n<h2 class=\"has-text-align-center wp-block-heading\"><strong>DES PAYS DE LA LOIRE&nbsp;<\/strong><\/h2>\n\n\n\n<div style=\"height:30px\" aria-hidden=\"true\" class=\"wp-block-spacer\"><\/div>\n\n\n<div class=\"bloc_vague\">\n    <div class=\"container\">\n        <div class=\"row\">\n            <div class=\"vague  center\">\n                <img decoding=\"async\" src=\"https:\/\/tastyloire.com\/wp-content\/themes\/tastyloire\/images\/vague_titre.svg\" alt=\"Vague\" loading=\"lazy\"\/>\n            <\/div>\n        <\/div>\n    <\/div>\n<\/div>\n\n\n<div style=\"height:64px\" aria-hidden=\"true\" class=\"wp-block-spacer\"><\/div>\n\n\n\n<div class=\"wp-block-columns is-layout-flex wp-container-core-columns-is-layout-9d6595d7 wp-block-columns-is-layout-flex\">\n<div class=\"wp-block-column is-layout-flow wp-block-column-is-layout-flow\" style=\"flex-basis:25%\"><\/div>\n\n\n\n<div class=\"wp-block-column is-layout-flow wp-block-column-is-layout-flow\" style=\"flex-basis:50%\">\n<p class=\"has-text-align-left\">Au c\u0153ur de l\u2019Ouest de la France, entre oc\u00e9an, vignobles et ch\u00e2teaux, la r\u00e9gion des Pays de la Loire offre une qualit\u00e9 de production agricole in\u00e9dite. Ses cinq d\u00e9partements : la Loire-Atlantique, le Maine-et-Loire, la Mayenne, la Sarthe et la Vend\u00e9e, proposent une diversit\u00e9 de produits et un savoir-faire reconnu.<\/p>\n\n\n\n<div style=\"height:51px\" aria-hidden=\"true\" class=\"wp-block-spacer\"><\/div>\n\n\n\n<p class=\"has-text-align-left\"><strong>4\u00e8me r\u00e9gion agricole fran\u00e7aise,<\/strong> elle est l\u2019une des r\u00e9gions leaders en mati\u00e8re d\u2019industrie agroalimentaire : premier rang national en production de viande bovine et viande de de volaille, deuxi\u00e8me en p\u00eache et aquaculture. L&rsquo;agroalimentaire, premier secteur industriel r\u00e9gional avec plus de 1 000 entreprises pr\u00e9sentes sur le territoire, affiche un dynamisme certain et exporte plus de 10% de sa production.<\/p>\n<\/div>\n\n\n\n<div class=\"wp-block-column is-layout-flow wp-block-column-is-layout-flow\" style=\"flex-basis:25%\">\n<figure class=\"wp-block-image size-large\"><img loading=\"lazy\" decoding=\"async\" width=\"1024\" height=\"947\" src=\"https:\/\/tastyloire.com\/wp-content\/uploads\/2022\/09\/pommes-verger-pays-de-la-loire-1024x947.jpg\" alt=\"\" class=\"wp-image-35010\" srcset=\"https:\/\/tastyloire.com\/wp-content\/uploads\/2022\/09\/pommes-verger-pays-de-la-loire-1024x947.jpg 1024w, https:\/\/tastyloire.com\/wp-content\/uploads\/2022\/09\/pommes-verger-pays-de-la-loire-300x278.jpg 300w, https:\/\/tastyloire.com\/wp-content\/uploads\/2022\/09\/pommes-verger-pays-de-la-loire-768x710.jpg 768w, https:\/\/tastyloire.com\/wp-content\/uploads\/2022\/09\/pommes-verger-pays-de-la-loire-1536x1421.jpg 1536w, https:\/\/tastyloire.com\/wp-content\/uploads\/2022\/09\/pommes-verger-pays-de-la-loire-2048x1895.jpg 2048w, https:\/\/tastyloire.com\/wp-content\/uploads\/2022\/09\/pommes-verger-pays-de-la-loire-54x50.jpg 54w\" sizes=\"auto, (max-width: 1024px) 100vw, 1024px\" \/><\/figure>\n<\/div>\n<\/div>\n\n\n\n<div style=\"height:56px\" aria-hidden=\"true\" class=\"wp-block-spacer\"><\/div>\n\n\n<div class=\"bloc_titres_textes\">\n    <div class=\"container\">\n        <div class=\"row\">\n            <div class=\"col-lg-12\">\n                <p class=\"title titrefont\"><\/p>\n                                <div class=\"items\">\n                                        <div class=\"item\">\n                        <h3 class=\"titrefont\">Diversit\u00e9 de fili\u00e8res, ancrage territorial et qualit\u00e9<\/h3>\n                        <hr>\n                        <div class=\"content\">\n                            <p>Gr\u00e2ce \u00e0 sa grande diversit\u00e9 de territoires et de productions, les industries de la viande, du lait et de la boulangerie-p\u00e2tisserie industrielle concentrent plus des trois quarts de la fili\u00e8re, \u00e0 la fois en mati\u00e8re d\u2019emploi, de chiffre d\u2019affaires et \u00e0 l\u2019export.<\/p>\n<p>Notre r\u00e9gion est l\u2019une des principales r\u00e9gions de production sous signe officiel de qualit\u00e9 avec 160 produits (majoritairement carn\u00e9s et vin) issus des mati\u00e8res produites sur les presque 5 000 exploitations engag\u00e9es dans la qualit\u00e9, hors bio.<\/p>\n<p>C\u00f4t\u00e9 agriculture biologique, avec pr\u00e8s de 215 000 hectares (10% de la surface totale), les Pays de la Loire sont la 4e r\u00e9gion fran\u00e7aise pour la surface cultiv\u00e9e en bio et en conversion et la 1\u00e8re r\u00e9gion de France pour la production de lait biologique.<\/p>\n<p>Au-del\u00e0 de son dynamisme en agriculture biologique, la r\u00e9gion est \u00e9galement riche en Label Rouge et certifications AOC, signe d\u2019une forte demande en mati\u00e8res premi\u00e8res de qualit\u00e9. Les Pays de la Loire sont d\u2019ailleurs la deuxi\u00e8me r\u00e9gion pour la part des exploitations agricoles sous Label Rouge.<\/p>\n                        <\/div>\n                    <\/div>\n                                        <div class=\"item\">\n                        <h3 class=\"titrefont\">Des fili\u00e8res structur\u00e9es dans un environnement propice<\/h3>\n                        <hr>\n                        <div class=\"content\">\n                            <p>A l\u2019instar de la grande vari\u00e9t\u00e9 de productions, la r\u00e9gion montre aussi une grande vari\u00e9t\u00e9 dans la typologie de ses entreprises de la tr\u00e8s petite entreprise familiale jusqu\u2019au groupe leader dans son domaine. Ces entreprises b\u00e9n\u00e9ficient par ailleurs d\u2019un tissu extr\u00eamement favorable\u00a0 d\u2019acteurs connexes (centres de recherche, \u00e9coles, plateformes d\u2019innovation, p\u00f4le de comp\u00e9titivit\u00e9\u2026) leur permettant de cr\u00e9er des programmes collaboratifs innovants pour d\u00e9velopper leur activit\u00e9.<\/p>\n                        <\/div>\n                    <\/div>\n                                    <\/div>\n                            <\/div>\n        <\/div>\n    <\/div>\n<\/div>\n\n\n<div style=\"height:100px\" aria-hidden=\"true\" class=\"wp-block-spacer\"><\/div>\n\n\n<div class=\"bloc_quelques_chiffres\">\n    <div class=\"container\">\n        <div class=\"row\">\n            <div class=\"col-lg-12\">\n                <h2 class=\"titrefont\"><\/h2>\n                                <div class=\"figures\">\n                    <div class=\"col_1\">\n                            <a class=\"figure\">\n                                <div>\n                                    <svg xmlns=\"http:\/\/www.w3.org\/2000\/svg\" width=\"55.057\" height=\"54.083\" viewBox=\"0 0 55.057 54.083\">\n                                        <g id=\"Icon_feather-check-circle\" data-name=\"Icon feather-check-circle\" transform=\"translate(-0.495 -0.461)\">\n                                            <path id=\"Trac\u00e9_4418\" data-name=\"Trac\u00e9 4418\" d=\"M52.017,25.259v2.255a24.508,24.508,0,1,1-14.533-22.4\" transform=\"translate(0)\" fill=\"none\" stroke=\"#000fa0\" stroke-linecap=\"round\" stroke-linejoin=\"round\" stroke-width=\"5\" \/>\n                                            <path id=\"Trac\u00e9_4419\" data-name=\"Trac\u00e9 4419\" d=\"M45.361,6,20.852,30.533,13.5,23.18\" transform=\"translate(6.656 1.908)\" fill=\"none\" stroke=\"#000fa0\" stroke-linecap=\"round\" stroke-linejoin=\"round\" stroke-width=\"5\" \/>\n                                        <\/g>\n                                    <\/svg>\n                                    <p><span class=\"titrefont\">775<\/span><\/p>\n                                    <h3>\u00e9tablissements employeurs<\/h3>\n                                <\/div>\n                            <\/a>\n                                                        <a class=\"figure\">\n                                <div>\n                                    <svg xmlns=\"http:\/\/www.w3.org\/2000\/svg\" width=\"55.057\" height=\"54.083\" viewBox=\"0 0 55.057 54.083\">\n                                        <g id=\"Icon_feather-check-circle\" data-name=\"Icon feather-check-circle\" transform=\"translate(-0.495 -0.461)\">\n                                            <path id=\"Trac\u00e9_4418\" data-name=\"Trac\u00e9 4418\" d=\"M52.017,25.259v2.255a24.508,24.508,0,1,1-14.533-22.4\" transform=\"translate(0)\" fill=\"none\" stroke=\"#000fa0\" stroke-linecap=\"round\" stroke-linejoin=\"round\" stroke-width=\"5\" \/>\n                                            <path id=\"Trac\u00e9_4419\" data-name=\"Trac\u00e9 4419\" d=\"M45.361,6,20.852,30.533,13.5,23.18\" transform=\"translate(6.656 1.908)\" fill=\"none\" stroke=\"#000fa0\" stroke-linecap=\"round\" stroke-linejoin=\"round\" stroke-width=\"5\" \/>\n                                        <\/g>\n                                    <\/svg>\n                                    <p><span class=\"titrefont\">1er<\/span><\/p>\n                                    <h3>secteur industriel r\u00e9gional \r\n(25% des emplois salari\u00e9s de l\u2019industrie)<\/h3>\n                                <\/div>\n                            <\/a>\n                                                    <\/div>\n                        <div class=\"col_2\">\n                                                        <a class=\"figure\">\n                                <div>\n                                    <svg xmlns=\"http:\/\/www.w3.org\/2000\/svg\" width=\"55.057\" height=\"54.083\" viewBox=\"0 0 55.057 54.083\">\n                                        <g id=\"Icon_feather-check-circle\" data-name=\"Icon feather-check-circle\" transform=\"translate(-0.495 -0.461)\">\n                                            <path id=\"Trac\u00e9_4418\" data-name=\"Trac\u00e9 4418\" d=\"M52.017,25.259v2.255a24.508,24.508,0,1,1-14.533-22.4\" transform=\"translate(0)\" fill=\"none\" stroke=\"#000fa0\" stroke-linecap=\"round\" stroke-linejoin=\"round\" stroke-width=\"5\" \/>\n                                            <path id=\"Trac\u00e9_4419\" data-name=\"Trac\u00e9 4419\" d=\"M45.361,6,20.852,30.533,13.5,23.18\" transform=\"translate(6.656 1.908)\" fill=\"none\" stroke=\"#000fa0\" stroke-linecap=\"round\" stroke-linejoin=\"round\" stroke-width=\"5\" \/>\n                                        <\/g>\n                                    <\/svg>\n                                    <p><span class=\"titrefont\">2e<\/span><\/p>\n                                    <h3>r\u00e9gion fran\u00e7aise en nombre de salari\u00e9s \r\n(environ 50 000)<\/h3>\n                                <\/div>\n                            <\/a>\n                                                                                    <a class=\"figure\">\n                                <div>\n                                    <svg xmlns=\"http:\/\/www.w3.org\/2000\/svg\" width=\"55.057\" height=\"54.083\" viewBox=\"0 0 55.057 54.083\">\n                                        <g id=\"Icon_feather-check-circle\" data-name=\"Icon feather-check-circle\" transform=\"translate(-0.495 -0.461)\">\n                                            <path id=\"Trac\u00e9_4418\" data-name=\"Trac\u00e9 4418\" d=\"M52.017,25.259v2.255a24.508,24.508,0,1,1-14.533-22.4\" transform=\"translate(0)\" fill=\"none\" stroke=\"#000fa0\" stroke-linecap=\"round\" stroke-linejoin=\"round\" stroke-width=\"5\" \/>\n                                            <path id=\"Trac\u00e9_4419\" data-name=\"Trac\u00e9 4419\" d=\"M45.361,6,20.852,30.533,13.5,23.18\" transform=\"translate(6.656 1.908)\" fill=\"none\" stroke=\"#000fa0\" stroke-linecap=\"round\" stroke-linejoin=\"round\" stroke-width=\"5\" \/>\n                                        <\/g>\n                                    <\/svg>\n                                    <p><span class=\"titrefont\">3e<\/span><\/p>\n                                    <h3>r\u00e9gion fran\u00e7aise en chiffres d\u2019affaires des industries agroalimentaires (environ 13 Mds \u20ac)<\/h3>\n                                <\/div>\n                            <\/a>\n                                                    <\/div>\n                    <\/div>\n                <\/div>\n        <\/div>\n    <\/div>\n<\/div>\n\n\n<div style=\"height:100px\" aria-hidden=\"true\" class=\"wp-block-spacer\"><\/div>\n\n\n\n<div class=\"wp-block-columns is-layout-flex wp-container-core-columns-is-layout-9d6595d7 wp-block-columns-is-layout-flex\">\n<div class=\"wp-block-column is-layout-flow wp-block-column-is-layout-flow\" style=\"flex-basis:25%\"><\/div>\n\n\n\n<div class=\"wp-block-column is-layout-flow wp-block-column-is-layout-flow\" style=\"flex-basis:50%\">\n<p class=\"has-text-align-center\">Des entreprises leaders au niveau national voire international ont leur si\u00e8ge sur notre territoire : <strong>LDC <\/strong>(leader fran\u00e7ais de la volaille), <strong>Lactalis<\/strong> (1er groupe laitier mondial), <strong>Terrena<\/strong> (1er groupe coop\u00e9ratif fran\u00e7ais), \u2026<\/p>\n<\/div>\n\n\n\n<div class=\"wp-block-column is-layout-flow wp-block-column-is-layout-flow\" style=\"flex-basis:25%\"><\/div>\n<\/div>\n\n\n\n<div style=\"height:45px\" aria-hidden=\"true\" class=\"wp-block-spacer\"><\/div>\n\n\n\n<div class=\"wp-block-columns is-layout-flex wp-container-core-columns-is-layout-9d6595d7 wp-block-columns-is-layout-flex\">\n<div class=\"wp-block-column is-layout-flow wp-block-column-is-layout-flow\"><div class=\"wp-block-image\">\n<figure class=\"aligncenter size-large is-resized\"><img loading=\"lazy\" decoding=\"async\" src=\"https:\/\/tastyloire.com\/wp-content\/uploads\/2022\/09\/logo_lactalis-1024x489.jpeg\" alt=\"\" class=\"wp-image-34905\" width=\"313\" height=\"149\" srcset=\"https:\/\/tastyloire.com\/wp-content\/uploads\/2022\/09\/logo_lactalis-1024x489.jpeg 1024w, https:\/\/tastyloire.com\/wp-content\/uploads\/2022\/09\/logo_lactalis-300x143.jpeg 300w, https:\/\/tastyloire.com\/wp-content\/uploads\/2022\/09\/logo_lactalis-768x366.jpeg 768w, https:\/\/tastyloire.com\/wp-content\/uploads\/2022\/09\/logo_lactalis-1536x733.jpeg 1536w, https:\/\/tastyloire.com\/wp-content\/uploads\/2022\/09\/logo_lactalis-105x50.jpeg 105w, https:\/\/tastyloire.com\/wp-content\/uploads\/2022\/09\/logo_lactalis.jpeg 1574w\" sizes=\"auto, (max-width: 313px) 100vw, 313px\" \/><\/figure>\n<\/div><\/div>\n\n\n\n<div class=\"wp-block-column is-layout-flow wp-block-column-is-layout-flow\"><div class=\"wp-block-image\">\n<figure class=\"aligncenter size-large is-resized\"><img loading=\"lazy\" decoding=\"async\" src=\"https:\/\/tastyloire.com\/wp-content\/uploads\/2022\/09\/logo-ldc-757x1024.jpeg\" alt=\"\" class=\"wp-image-34891\" width=\"113\" height=\"153\" srcset=\"https:\/\/tastyloire.com\/wp-content\/uploads\/2022\/09\/logo-ldc-757x1024.jpeg 757w, https:\/\/tastyloire.com\/wp-content\/uploads\/2022\/09\/logo-ldc-222x300.jpeg 222w, https:\/\/tastyloire.com\/wp-content\/uploads\/2022\/09\/logo-ldc-768x1039.jpeg 768w, https:\/\/tastyloire.com\/wp-content\/uploads\/2022\/09\/logo-ldc-1135x1536.jpeg 1135w, https:\/\/tastyloire.com\/wp-content\/uploads\/2022\/09\/logo-ldc-1514x2048.jpeg 1514w, https:\/\/tastyloire.com\/wp-content\/uploads\/2022\/09\/logo-ldc-37x50.jpeg 37w, https:\/\/tastyloire.com\/wp-content\/uploads\/2022\/09\/logo-ldc.jpeg 1814w\" sizes=\"auto, (max-width: 113px) 100vw, 113px\" \/><\/figure>\n<\/div><\/div>\n\n\n\n<div class=\"wp-block-column is-layout-flow wp-block-column-is-layout-flow\"><div class=\"wp-block-image\">\n<figure class=\"aligncenter size-large is-resized\"><img loading=\"lazy\" decoding=\"async\" src=\"https:\/\/tastyloire.com\/wp-content\/uploads\/2022\/09\/terrena-logo-1024x1024.png\" alt=\"\" class=\"wp-image-34893\" width=\"191\" height=\"191\" srcset=\"https:\/\/tastyloire.com\/wp-content\/uploads\/2022\/09\/terrena-logo-1024x1024.png 1024w, https:\/\/tastyloire.com\/wp-content\/uploads\/2022\/09\/terrena-logo-300x300.png 300w, https:\/\/tastyloire.com\/wp-content\/uploads\/2022\/09\/terrena-logo-150x150.png 150w, https:\/\/tastyloire.com\/wp-content\/uploads\/2022\/09\/terrena-logo-768x768.png 768w, https:\/\/tastyloire.com\/wp-content\/uploads\/2022\/09\/terrena-logo-1536x1536.png 1536w, https:\/\/tastyloire.com\/wp-content\/uploads\/2022\/09\/terrena-logo-50x50.png 50w, https:\/\/tastyloire.com\/wp-content\/uploads\/2022\/09\/terrena-logo.png 1920w\" sizes=\"auto, (max-width: 191px) 100vw, 191px\" \/><\/figure>\n<\/div><\/div>\n<\/div>\n\n\n<div class=\"bloc_texte\">\n    <div class=\"container\">\n        <div class=\"row\">\n            <div class=\"col-lg-8 offset-lg-2\">\n                <div class=\"content\">\n                    <p><strong>Top 5 des partenaires pour l\u2019export<\/strong> : Belgique, Allemagne, Royaume Uni, Italie, Pays-Bas (essentiellement viande, produits laitiers, boulangerie viennoiserie, p\u00e2tes)<\/p>\n                <\/div>\n            <\/div>\n        <\/div>\n    <\/div>\n<\/div>\n\n\n<div style=\"height:70px\" aria-hidden=\"true\" class=\"wp-block-spacer\"><\/div>\n\n\n<div class=\"bloc_separateur\">\n    <div class=\"container\">\n        <div class=\"row\">\n            <div class=\"col-12 separateur\">\n                <img decoding=\"async\" src=\"https:\/\/tastyloire.com\/wp-content\/themes\/tastyloire\/images\/logo_mobile.svg\" alt=\"Logo\"\/>\n            <div>\n        <\/div>\n    <\/div>\n<\/div>\n\n<div class=\"bloc_texte_bloc_lien\">\n    <div class=\"container\">\n        <div class=\"row\">\n            <div class=\"col-lg-6 col-xl-7\">\n                <div class=\"content bold\">\n                                    <\/div>\n            <\/div>\n            <div class=\"col-lg-5 offset-lg-1 col-xl-4\">\n                <div class=\"content\">\n                                    <\/div>\n            <\/div>\n                            <div class=\"col-12 liens\">\n                                        <a class=\"bloc_lien\" href=\"https:\/\/tastyloire.com\/fr\/tasty-region\/\">\n                        <p class=\"titrefont\">Tasty region<\/p>\n                        <svg xmlns=\"http:\/\/www.w3.org\/2000\/svg\" width=\"76\" height=\"76\" viewBox=\"0 0 76 76\">\n                            <g id=\"Groupe_5237\" data-name=\"Groupe 5237\" transform=\"translate(-823 -672)\">\n                                <path id=\"Icon_feather-chevron-down\" data-name=\"Icon feather-chevron-down\" d=\"M9,13.5l9.67,9.67,9.67-9.67\" transform=\"translate(842.5 692)\" fill=\"none\" stroke=\"#000fa0\" stroke-linecap=\"round\" stroke-linejoin=\"round\" stroke-width=\"3\" \/>\n                                <g id=\"Ellipse_27\" data-name=\"Ellipse 27\" transform=\"translate(823 672)\" fill=\"none\" stroke=\"#000fa0\" stroke-width=\"1\">\n                                    <circle cx=\"38\" cy=\"38\" r=\"38\" stroke=\"none\" \/>\n                                    <circle cx=\"38\" cy=\"38\" r=\"37.5\" fill=\"none\" \/>\n                                <\/g>\n                            <\/g>\n                        <\/svg>\n                    <\/a>\n                                        <a class=\"bloc_lien\" href=\"https:\/\/tastyloire.com\/fr\/tasty-wine\/\">\n                        <p class=\"titrefont\">Tasty wine<\/p>\n                        <svg xmlns=\"http:\/\/www.w3.org\/2000\/svg\" width=\"76\" height=\"76\" viewBox=\"0 0 76 76\">\n                            <g id=\"Groupe_5237\" data-name=\"Groupe 5237\" transform=\"translate(-823 -672)\">\n                                <path id=\"Icon_feather-chevron-down\" data-name=\"Icon feather-chevron-down\" d=\"M9,13.5l9.67,9.67,9.67-9.67\" transform=\"translate(842.5 692)\" fill=\"none\" stroke=\"#000fa0\" stroke-linecap=\"round\" stroke-linejoin=\"round\" stroke-width=\"3\" \/>\n                                <g id=\"Ellipse_27\" data-name=\"Ellipse 27\" transform=\"translate(823 672)\" fill=\"none\" stroke=\"#000fa0\" stroke-width=\"1\">\n                                    <circle cx=\"38\" cy=\"38\" r=\"38\" stroke=\"none\" \/>\n                                    <circle cx=\"38\" cy=\"38\" r=\"37.5\" fill=\"none\" \/>\n                                <\/g>\n                            <\/g>\n                        <\/svg>\n                    <\/a>\n                                    <\/div>\n                    <\/div>\n    <\/div>\n<\/div>\n\n\n<div style=\"height:80px\" aria-hidden=\"true\" class=\"wp-block-spacer\"><\/div>\n","protected":false},"excerpt":{"rendered":"<p>SP\u00c9CIALIT\u00c9S AGRO-ALIMENTAIRES DES PAYS DE LA LOIRE&nbsp; Au c\u0153ur de l\u2019Ouest de la France, entre oc\u00e9an, vignobles et ch\u00e2teaux, la r\u00e9gion des Pays de la Loire offre une qualit\u00e9 de production agricole in\u00e9dite. Ses cinq d\u00e9partements : la Loire-Atlantique, le Maine-et-Loire, la Mayenne, la Sarthe et la Vend\u00e9e, proposent une diversit\u00e9 de produits et un [&hellip;]<\/p>\n","protected":false},"author":1,"featured_media":0,"parent":0,"menu_order":0,"comment_status":"closed","ping_status":"closed","template":"template-our-territory.php","meta":{"_acf_changed":false,"footnotes":""},"class_list":["post-33206","page","type-page","status-publish","hentry"],"acf":[],"_links":{"self":[{"href":"https:\/\/tastyloire.com\/fr\/wp-json\/wp\/v2\/pages\/33206","targetHints":{"allow":["GET"]}}],"collection":[{"href":"https:\/\/tastyloire.com\/fr\/wp-json\/wp\/v2\/pages"}],"about":[{"href":"https:\/\/tastyloire.com\/fr\/wp-json\/wp\/v2\/types\/page"}],"author":[{"embeddable":true,"href":"https:\/\/tastyloire.com\/fr\/wp-json\/wp\/v2\/users\/1"}],"replies":[{"embeddable":true,"href":"https:\/\/tastyloire.com\/fr\/wp-json\/wp\/v2\/comments?post=33206"}],"version-history":[{"count":20,"href":"https:\/\/tastyloire.com\/fr\/wp-json\/wp\/v2\/pages\/33206\/revisions"}],"predecessor-version":[{"id":39099,"href":"https:\/\/tastyloire.com\/fr\/wp-json\/wp\/v2\/pages\/33206\/revisions\/39099"}],"wp:attachment":[{"href":"https:\/\/tastyloire.com\/fr\/wp-json\/wp\/v2\/media?parent=33206"}],"curies":[{"name":"wp","href":"https:\/\/api.w.org\/{rel}","templated":true}]}}