{"id":33200,"date":"2022-08-12T15:43:47","date_gmt":"2022-08-12T13:43:47","guid":{"rendered":"https:\/\/tastyloire.com\/2022\/?page_id=33200"},"modified":"2022-09-19T21:43:50","modified_gmt":"2022-09-19T19:43:50","slug":"tasty-region","status":"publish","type":"page","link":"https:\/\/tastyloire.com\/fr\/tasty-region","title":{"rendered":"Tasty Region"},"content":{"rendered":"\n<h2 class=\"has-text-align-center wp-block-heading\">Une r\u00e9gion aux multiples facettes <\/h2>\n\n\n\n<h2 class=\"has-text-align-center wp-block-heading\">o\u00f9 il fait bon vivre<\/h2>\n\n\n<div class=\"bloc_vague\">\n    <div class=\"container\">\n        <div class=\"row\">\n            <div class=\"vague  center\">\n                <img decoding=\"async\" src=\"https:\/\/tastyloire.com\/wp-content\/themes\/tastyloire\/images\/vague_titre.svg\" alt=\"Vague\" loading=\"lazy\"\/>\n            <\/div>\n        <\/div>\n    <\/div>\n<\/div>\n\n\n<div style=\"height:100px\" aria-hidden=\"true\" class=\"wp-block-spacer\"><\/div>\n\n\n\n<div class=\"wp-block-columns is-layout-flex wp-container-core-columns-is-layout-9d6595d7 wp-block-columns-is-layout-flex\">\n<div class=\"wp-block-column is-layout-flow wp-block-column-is-layout-flow\" style=\"flex-basis:66.66%\">\n<p>La r\u00e9gion des Pays de la Loire est l&rsquo;une des 13 r\u00e9gions fran\u00e7aises m\u00e9tropolitaines, situ\u00e9e dans le Grand Ouest Fran\u00e7ais, entre Bretagne, R\u00e9gion parisienne et Nouvelle Aquitaine. Ce territoire jeune et dynamique fort de 3.8 millions d&rsquo;habitants est constitu\u00e9 de 5 d\u00e9partements (<strong>Loire-Atlantique, Maine-et-Loire, Mayenne, Sarthe et Vend\u00e9e<\/strong>), plus de 1200 communes et de 7 grandes agglom\u00e9rations (Nantes, Saint-Nazaire, Angers, Cholet, Le Mans, Laval et La Roche-sur-Yon). Id\u00e9alement situ\u00e9e, elle poss\u00e8de une fa\u00e7ade littorale de 450 km et dispose de fili\u00e8res \u00e9conomiques remarquables (industrie, agriculture, tourisme, nautisme, a\u00e9ronautique\u2026), qualit\u00e9 de vie, \u00e9ducation, recherche et d\u00e9veloppement, voies de communication.<\/p>\n<\/div>\n\n\n\n<div class=\"wp-block-column is-layout-flow wp-block-column-is-layout-flow\" style=\"flex-basis:33.33%\"><\/div>\n<\/div>\n\n\n\n<div style=\"height:60px\" aria-hidden=\"true\" class=\"wp-block-spacer\"><\/div>\n\n\n\n<div class=\"wp-block-columns is-layout-flex wp-container-core-columns-is-layout-9d6595d7 wp-block-columns-is-layout-flex\">\n<div class=\"wp-block-column is-layout-flow wp-block-column-is-layout-flow\" style=\"flex-basis:100%\">\n<div class=\"wp-block-columns is-layout-flex wp-container-core-columns-is-layout-9d6595d7 wp-block-columns-is-layout-flex\">\n<div class=\"wp-block-column is-layout-flow wp-block-column-is-layout-flow\">\n<div class=\"wp-block-columns is-layout-flex wp-container-core-columns-is-layout-9d6595d7 wp-block-columns-is-layout-flex\">\n<div class=\"wp-block-column is-layout-flow wp-block-column-is-layout-flow\"><div class=\"wp-block-image\">\n<figure class=\"aligncenter size-large\"><img loading=\"lazy\" decoding=\"async\" width=\"1920\" height=\"2560\" src=\"https:\/\/tastyloire.com\/wp-content\/uploads\/2022\/09\/le-mans-sarthe-ville-edited-scaled.jpg\" alt=\"\" class=\"wp-image-35220\" srcset=\"https:\/\/tastyloire.com\/wp-content\/uploads\/2022\/09\/le-mans-sarthe-ville-edited-scaled.jpg 1920w, https:\/\/tastyloire.com\/wp-content\/uploads\/2022\/09\/le-mans-sarthe-ville-edited-225x300.jpg 225w, https:\/\/tastyloire.com\/wp-content\/uploads\/2022\/09\/le-mans-sarthe-ville-edited-768x1024.jpg 768w, https:\/\/tastyloire.com\/wp-content\/uploads\/2022\/09\/le-mans-sarthe-ville-edited-1152x1536.jpg 1152w, https:\/\/tastyloire.com\/wp-content\/uploads\/2022\/09\/le-mans-sarthe-ville-edited-1536x2048.jpg 1536w, https:\/\/tastyloire.com\/wp-content\/uploads\/2022\/09\/le-mans-sarthe-ville-edited-37x50.jpg 37w\" sizes=\"auto, (max-width: 1920px) 100vw, 1920px\" \/><figcaption>Sarthe <br>(Le Mans)<\/figcaption><\/figure>\n<\/div><\/div>\n\n\n\n<div class=\"wp-block-column is-layout-flow wp-block-column-is-layout-flow\"><div class=\"wp-block-image\">\n<figure class=\"aligncenter size-large\"><img loading=\"lazy\" decoding=\"async\" width=\"1909\" height=\"2560\" src=\"https:\/\/tastyloire.com\/wp-content\/uploads\/2022\/09\/laval-mayenne-ville-edited-scaled.jpg\" alt=\"\" class=\"wp-image-35218\" srcset=\"https:\/\/tastyloire.com\/wp-content\/uploads\/2022\/09\/laval-mayenne-ville-edited-scaled.jpg 1909w, https:\/\/tastyloire.com\/wp-content\/uploads\/2022\/09\/laval-mayenne-ville-edited-224x300.jpg 224w, https:\/\/tastyloire.com\/wp-content\/uploads\/2022\/09\/laval-mayenne-ville-edited-764x1024.jpg 764w, https:\/\/tastyloire.com\/wp-content\/uploads\/2022\/09\/laval-mayenne-ville-edited-768x1030.jpg 768w, https:\/\/tastyloire.com\/wp-content\/uploads\/2022\/09\/laval-mayenne-ville-edited-1145x1536.jpg 1145w, https:\/\/tastyloire.com\/wp-content\/uploads\/2022\/09\/laval-mayenne-ville-edited-1527x2048.jpg 1527w, https:\/\/tastyloire.com\/wp-content\/uploads\/2022\/09\/laval-mayenne-ville-edited-37x50.jpg 37w\" sizes=\"auto, (max-width: 1909px) 100vw, 1909px\" \/><figcaption>Mayenne <br>(Laval)<\/figcaption><\/figure>\n<\/div><\/div>\n\n\n\n<div class=\"wp-block-column is-layout-flow wp-block-column-is-layout-flow\"><div class=\"wp-block-image\">\n<figure class=\"aligncenter size-large\"><img loading=\"lazy\" decoding=\"async\" width=\"1911\" height=\"2560\" src=\"https:\/\/tastyloire.com\/wp-content\/uploads\/2022\/09\/la-chaume-sables-d-olonne-vendee-edited-scaled.jpg\" alt=\"\" class=\"wp-image-35216\" srcset=\"https:\/\/tastyloire.com\/wp-content\/uploads\/2022\/09\/la-chaume-sables-d-olonne-vendee-edited-scaled.jpg 1911w, https:\/\/tastyloire.com\/wp-content\/uploads\/2022\/09\/la-chaume-sables-d-olonne-vendee-edited-224x300.jpg 224w, https:\/\/tastyloire.com\/wp-content\/uploads\/2022\/09\/la-chaume-sables-d-olonne-vendee-edited-764x1024.jpg 764w, https:\/\/tastyloire.com\/wp-content\/uploads\/2022\/09\/la-chaume-sables-d-olonne-vendee-edited-768x1029.jpg 768w, https:\/\/tastyloire.com\/wp-content\/uploads\/2022\/09\/la-chaume-sables-d-olonne-vendee-edited-1147x1536.jpg 1147w, https:\/\/tastyloire.com\/wp-content\/uploads\/2022\/09\/la-chaume-sables-d-olonne-vendee-edited-1529x2048.jpg 1529w, https:\/\/tastyloire.com\/wp-content\/uploads\/2022\/09\/la-chaume-sables-d-olonne-vendee-edited-37x50.jpg 37w\" sizes=\"auto, (max-width: 1911px) 100vw, 1911px\" \/><figcaption>Vend\u00e9e <br>(Les Sables d&rsquo;Olonne)<\/figcaption><\/figure>\n<\/div><\/div>\n<\/div>\n<\/div>\n\n\n\n<div class=\"wp-block-column is-layout-flow wp-block-column-is-layout-flow\">\n<div class=\"wp-block-columns is-layout-flex wp-container-core-columns-is-layout-9d6595d7 wp-block-columns-is-layout-flex\">\n<div class=\"wp-block-column is-layout-flow wp-block-column-is-layout-flow\"><div class=\"wp-block-image\">\n<figure class=\"aligncenter size-large\"><img loading=\"lazy\" decoding=\"async\" width=\"1911\" height=\"2560\" src=\"https:\/\/tastyloire.com\/wp-content\/uploads\/2022\/09\/nantes-ville-loire-atlantique-edited-scaled.jpg\" alt=\"\" class=\"wp-image-35224\" srcset=\"https:\/\/tastyloire.com\/wp-content\/uploads\/2022\/09\/nantes-ville-loire-atlantique-edited-scaled.jpg 1911w, https:\/\/tastyloire.com\/wp-content\/uploads\/2022\/09\/nantes-ville-loire-atlantique-edited-224x300.jpg 224w, https:\/\/tastyloire.com\/wp-content\/uploads\/2022\/09\/nantes-ville-loire-atlantique-edited-765x1024.jpg 765w, https:\/\/tastyloire.com\/wp-content\/uploads\/2022\/09\/nantes-ville-loire-atlantique-edited-768x1029.jpg 768w, https:\/\/tastyloire.com\/wp-content\/uploads\/2022\/09\/nantes-ville-loire-atlantique-edited-1147x1536.jpg 1147w, https:\/\/tastyloire.com\/wp-content\/uploads\/2022\/09\/nantes-ville-loire-atlantique-edited-1529x2048.jpg 1529w, https:\/\/tastyloire.com\/wp-content\/uploads\/2022\/09\/nantes-ville-loire-atlantique-edited-37x50.jpg 37w\" sizes=\"auto, (max-width: 1911px) 100vw, 1911px\" \/><figcaption>Loire-Atlantique <br>(Nantes)<\/figcaption><\/figure>\n<\/div><\/div>\n\n\n\n<div class=\"wp-block-column is-layout-flow wp-block-column-is-layout-flow\"><div class=\"wp-block-image\">\n<figure class=\"aligncenter size-large\"><img loading=\"lazy\" decoding=\"async\" width=\"1928\" height=\"2560\" src=\"https:\/\/tastyloire.com\/wp-content\/uploads\/2022\/09\/chateau-angers-ville-maine-et-loire-edited-scaled.jpg\" alt=\"\" class=\"wp-image-35222\" srcset=\"https:\/\/tastyloire.com\/wp-content\/uploads\/2022\/09\/chateau-angers-ville-maine-et-loire-edited-scaled.jpg 1928w, https:\/\/tastyloire.com\/wp-content\/uploads\/2022\/09\/chateau-angers-ville-maine-et-loire-edited-226x300.jpg 226w, https:\/\/tastyloire.com\/wp-content\/uploads\/2022\/09\/chateau-angers-ville-maine-et-loire-edited-771x1024.jpg 771w, https:\/\/tastyloire.com\/wp-content\/uploads\/2022\/09\/chateau-angers-ville-maine-et-loire-edited-768x1020.jpg 768w, https:\/\/tastyloire.com\/wp-content\/uploads\/2022\/09\/chateau-angers-ville-maine-et-loire-edited-1157x1536.jpg 1157w, https:\/\/tastyloire.com\/wp-content\/uploads\/2022\/09\/chateau-angers-ville-maine-et-loire-edited-1543x2048.jpg 1543w, https:\/\/tastyloire.com\/wp-content\/uploads\/2022\/09\/chateau-angers-ville-maine-et-loire-edited-38x50.jpg 38w, https:\/\/tastyloire.com\/wp-content\/uploads\/2022\/09\/chateau-angers-ville-maine-et-loire-edited-340x450.jpg 340w\" sizes=\"auto, (max-width: 1928px) 100vw, 1928px\" \/><figcaption>Maine-et-Loire <br>(Angers)<\/figcaption><\/figure>\n<\/div><\/div>\n\n\n\n<div class=\"wp-block-column is-layout-flow wp-block-column-is-layout-flow\"><\/div>\n<\/div>\n<\/div>\n<\/div>\n<\/div>\n<\/div>\n\n\n<div class=\"bloc_titres_textes\">\n    <div class=\"container\">\n        <div class=\"row\">\n            <div class=\"col-lg-12\">\n                <p class=\"title titrefont\"><\/p>\n                                <div class=\"items\">\n                                        <div class=\"item\">\n                        <h3 class=\"titrefont\">Une qualit\u00e9 de vie reconnue<\/h3>\n                        <hr>\n                        <div class=\"content\">\n                            <p>Notre r\u00e9gion offre \u00e0 ses habitants un cadre de vie exceptionnel. Elle pr\u00e9sente en effet une grande diversit\u00e9 de paysages et de territoires, nombreux sites naturels remarquables. La c\u00f4te atlantique, ses c\u00f4tes sauvages et ses plages, les presque 40 rivi\u00e8res dont la Loire, fleuve royal, la campagne bocag\u00e8re, les vall\u00e9es sont autant de territoires qui s\u00e9duisent.<\/p>\n<p>Ses patrimoines historiques, culturels et gastronomiques jouent \u00e9galement un r\u00f4le important dans le bien-\u00eatre des populations. Les ch\u00e2teaux \u00e0 l&rsquo;architecture unique,\u00a0 les monuments remarquables (qui ont justifi\u00e9 le classement du Val de Loire en patrimoine mondial de l&rsquo;humanit\u00e9 par l&rsquo;UNESCO), une gastronomie foisonnante qui s\u2019appuie sur une production locale vari\u00e9e et de qualit\u00e9 font \u00e9galement le bonheur des nombreux touristes qui s\u2019y pressent tous les ans.<\/p>\n                        <\/div>\n                    <\/div>\n                                        <div class=\"item\">\n                        <h3 class=\"titrefont\">Un dynamisme \u00e9conomique hors pair<\/h3>\n                        <hr>\n                        <div class=\"content\">\n                            <p>Notre r\u00e9gion se caract\u00e9rise par son dynamisme et son attractivit\u00e9. C\u2019est en effet la premi\u00e8re r\u00e9gion fran\u00e7aise en mati\u00e8re d\u2019emploi et 96\u2009% des Lig\u00e9riens affirment qu\u2019il y fait bon travailler. Les entreprises y b\u00e9n\u00e9ficient d\u2019un tissu d\u2019acteurs priv\u00e9s ou publics exceptionnellement riche leur permettant de se d\u00e9velopper.<\/p>\n<p>Les secteurs les plus porteurs sont l\u2019agriculture et la p\u00eache, les industries agroalimentaire, navale et a\u00e9ronautique. Mais le textile, l\u2019industrie du luxe ou encore l&rsquo;\u00e9lectronique sont \u00e9galement tr\u00e8s implant\u00e9s. Le tourisme est aussi un secteur important sur le littoral.<\/p>\n                        <\/div>\n                    <\/div>\n                                        <div class=\"item\">\n                        <h3 class=\"titrefont\">Une production diversifi\u00e9e et de qualit\u00e9<\/h3>\n                        <hr>\n                        <div class=\"content\">\n                            <p>Des fines bulles \u00e0 la p\u00eache, en passant par l\u2019agriculture, la r\u00e9gion des Pays de la Loire se caract\u00e9rise par sa diversit\u00e9 de production.<\/p>\n<p>Les diff\u00e9rentes fili\u00e8res sont repr\u00e9sent\u00e9es par des industries \u00e0 la port\u00e9e importante, comme par des productions locales. En compl\u00e9ment, les productions animales et laiti\u00e8res contribuent \u00e9galement au rayonnement de la r\u00e9gion : <strong>1re r\u00e9gion pour l\u2019\u00e9levage bovin<\/strong> ; <strong>2e r\u00e9gion pour la production de lait<\/strong>.<\/p>\n                        <\/div>\n                    <\/div>\n                                        <div class=\"item\">\n                        <h3 class=\"titrefont\">Des infrastructures favorables<\/h3>\n                        <hr>\n                        <div class=\"content\">\n                            <p>La r\u00e9gion b\u00e9n\u00e9ficie d&rsquo;infrastructures soutenant la qualit\u00e9 de vie et le dynamisme \u00e9conomique. Elle compte en effet un a\u00e9roport international (Nantes), le plus grand port maritime de la c\u00f4te Atlantique (Nantes Saint Nazaire), un r\u00e9seau ferroviaire dense et actif (20 aller\/retour vers Paris par jour) et pr\u00e8s de 700 km d\u2019autoroute qui facilitent grandement les \u00e9changes \u00e0 l\u2019international.<\/p>\n                        <\/div>\n                    <\/div>\n                                        <div class=\"item\">\n                        <h3 class=\"titrefont\">Un territoire et des entreprises soutenus par le Conseil R\u00e9gional des Pays de la Loire<\/h3>\n                        <hr>\n                        <div class=\"content\">\n                            <p>Afin d&rsquo;accompagner les <strong>entreprises r\u00e9gionales agroalimentaires et viticoles<\/strong> dans leur <strong>d\u00e9veloppement \u00e0 l&rsquo;international<\/strong>, la R\u00e9gion Pays de la Loire a mandat\u00e9 Food&rsquo;Loire pour mettre en place cette plateforme de promotion. TastyLoire b\u00e9n\u00e9ficie ainsi du financement de la <a href=\"https:\/\/www.paysdelaloire.fr\/\" target=\"_blank\" rel=\"noopener\">R\u00e9gion Pays de la Loire<\/a>.<\/p>\n                        <\/div>\n                    <\/div>\n                                    <\/div>\n                            <\/div>\n        <\/div>\n    <\/div>\n<\/div>\n\n\n<div style=\"height:100px\" aria-hidden=\"true\" class=\"wp-block-spacer\"><\/div>\n\n\n<div class=\"bloc_quelques_chiffres\">\n    <div class=\"container\">\n        <div class=\"row\">\n            <div class=\"col-lg-12\">\n                <h2 class=\"titrefont\">Chiffres Cl\u00e9s<\/h2>\n                                <div class=\"figures\">\n                    <div class=\"col_1\">\n                            <a class=\"figure\">\n                                <div>\n                                    <svg xmlns=\"http:\/\/www.w3.org\/2000\/svg\" width=\"55.057\" height=\"54.083\" viewBox=\"0 0 55.057 54.083\">\n                                        <g id=\"Icon_feather-check-circle\" data-name=\"Icon feather-check-circle\" transform=\"translate(-0.495 -0.461)\">\n                                            <path id=\"Trac\u00e9_4418\" data-name=\"Trac\u00e9 4418\" d=\"M52.017,25.259v2.255a24.508,24.508,0,1,1-14.533-22.4\" transform=\"translate(0)\" fill=\"none\" stroke=\"#000fa0\" stroke-linecap=\"round\" stroke-linejoin=\"round\" stroke-width=\"5\" \/>\n                                            <path id=\"Trac\u00e9_4419\" data-name=\"Trac\u00e9 4419\" d=\"M45.361,6,20.852,30.533,13.5,23.18\" transform=\"translate(6.656 1.908)\" fill=\"none\" stroke=\"#000fa0\" stroke-linecap=\"round\" stroke-linejoin=\"round\" stroke-width=\"5\" \/>\n                                        <\/g>\n                                    <\/svg>\n                                    <p><span class=\"titrefont\">3.8<\/span><\/p>\n                                    <h3>millions d\u2019habitants<\/h3>\n                                <\/div>\n                            <\/a>\n                                                        <a class=\"figure\">\n                                <div>\n                                    <svg xmlns=\"http:\/\/www.w3.org\/2000\/svg\" width=\"55.057\" height=\"54.083\" viewBox=\"0 0 55.057 54.083\">\n                                        <g id=\"Icon_feather-check-circle\" data-name=\"Icon feather-check-circle\" transform=\"translate(-0.495 -0.461)\">\n                                            <path id=\"Trac\u00e9_4418\" data-name=\"Trac\u00e9 4418\" d=\"M52.017,25.259v2.255a24.508,24.508,0,1,1-14.533-22.4\" transform=\"translate(0)\" fill=\"none\" stroke=\"#000fa0\" stroke-linecap=\"round\" stroke-linejoin=\"round\" stroke-width=\"5\" \/>\n                                            <path id=\"Trac\u00e9_4419\" data-name=\"Trac\u00e9 4419\" d=\"M45.361,6,20.852,30.533,13.5,23.18\" transform=\"translate(6.656 1.908)\" fill=\"none\" stroke=\"#000fa0\" stroke-linecap=\"round\" stroke-linejoin=\"round\" stroke-width=\"5\" \/>\n                                        <\/g>\n                                    <\/svg>\n                                    <p><span class=\"titrefont\">+25 000<\/span><\/p>\n                                    <h3>habitants chaque ann\u00e9e<\/h3>\n                                <\/div>\n                            <\/a>\n                                                    <\/div>\n                        <div class=\"col_2\">\n                                                        <a class=\"figure\">\n                                <div>\n                                    <svg xmlns=\"http:\/\/www.w3.org\/2000\/svg\" width=\"55.057\" height=\"54.083\" viewBox=\"0 0 55.057 54.083\">\n                                        <g id=\"Icon_feather-check-circle\" data-name=\"Icon feather-check-circle\" transform=\"translate(-0.495 -0.461)\">\n                                            <path id=\"Trac\u00e9_4418\" data-name=\"Trac\u00e9 4418\" d=\"M52.017,25.259v2.255a24.508,24.508,0,1,1-14.533-22.4\" transform=\"translate(0)\" fill=\"none\" stroke=\"#000fa0\" stroke-linecap=\"round\" stroke-linejoin=\"round\" stroke-width=\"5\" \/>\n                                            <path id=\"Trac\u00e9_4419\" data-name=\"Trac\u00e9 4419\" d=\"M45.361,6,20.852,30.533,13.5,23.18\" transform=\"translate(6.656 1.908)\" fill=\"none\" stroke=\"#000fa0\" stroke-linecap=\"round\" stroke-linejoin=\"round\" stroke-width=\"5\" \/>\n                                        <\/g>\n                                    <\/svg>\n                                    <p><span class=\"titrefont\">35,5 %<\/span><\/p>\n                                    <h3>de la population a moins de 30 ans<\/h3>\n                                <\/div>\n                            <\/a>\n                                                                                    <a class=\"figure\">\n                                <div>\n                                    <svg xmlns=\"http:\/\/www.w3.org\/2000\/svg\" width=\"55.057\" height=\"54.083\" viewBox=\"0 0 55.057 54.083\">\n                                        <g id=\"Icon_feather-check-circle\" data-name=\"Icon feather-check-circle\" transform=\"translate(-0.495 -0.461)\">\n                                            <path id=\"Trac\u00e9_4418\" data-name=\"Trac\u00e9 4418\" d=\"M52.017,25.259v2.255a24.508,24.508,0,1,1-14.533-22.4\" transform=\"translate(0)\" fill=\"none\" stroke=\"#000fa0\" stroke-linecap=\"round\" stroke-linejoin=\"round\" stroke-width=\"5\" \/>\n                                            <path id=\"Trac\u00e9_4419\" data-name=\"Trac\u00e9 4419\" d=\"M45.361,6,20.852,30.533,13.5,23.18\" transform=\"translate(6.656 1.908)\" fill=\"none\" stroke=\"#000fa0\" stroke-linecap=\"round\" stroke-linejoin=\"round\" stroke-width=\"5\" \/>\n                                        <\/g>\n                                    <\/svg>\n                                    <p><span class=\"titrefont\">19<\/span><\/p>\n                                    <h3>millions de visiteurs chaque ann\u00e9e<\/h3>\n                                <\/div>\n                            <\/a>\n                                                    <\/div>\n                    <\/div>\n                <\/div>\n        <\/div>\n    <\/div>\n<\/div>\n\n\n<div style=\"height:92px\" aria-hidden=\"true\" class=\"wp-block-spacer\"><\/div>\n\n\n<div class=\"bloc_citation\">\n    <div class=\"container\">\n        <div class=\"row\">\n            <div class=\"col-12 col-lg-10 offset-lg-1 row citation\">\n                <img decoding=\"async\" class=\"quote_mark_left col-2 col-lg-1 offset-lg-1  align-self-start\" src=\"https:\/\/tastyloire.com\/wp-content\/themes\/tastyloire\/images\/left_quote.svg\" alt=\"\"><\/img>\n                <q class=\"col-lg-8 titrefont\">id\u00e9alement situ\u00e9e, elle poss\u00e8de une fa\u00e7ade littorale de 450 km et dispose de fili\u00e8res \u00e9conomiques remarquables (industrie, agriculture, tourisme, nautisme, a\u00e9ronautique\u2026)<\/q>\n                <img decoding=\"async\" class=\"quote_mark_right col-2 col-lg-1 align-self-end\" src=\"https:\/\/tastyloire.com\/wp-content\/themes\/tastyloire\/images\/right_quote.svg\" alt=\"\"><\/img> \n            <\/div>\n        <\/div>\n    <\/div>\n<\/div>\n\n\n<div style=\"height:45px\" aria-hidden=\"true\" class=\"wp-block-spacer\"><\/div>\n\n\n<div class=\"bloc_separateur\">\n    <div class=\"container\">\n        <div class=\"row\">\n            <div class=\"col-12 separateur\">\n                <img decoding=\"async\" src=\"https:\/\/tastyloire.com\/wp-content\/themes\/tastyloire\/images\/logo_mobile.svg\" alt=\"Logo\"\/>\n            <div>\n        <\/div>\n    <\/div>\n<\/div>\n\n<div class=\"bloc_texte_bloc_lien\">\n    <div class=\"container\">\n        <div class=\"row\">\n            <div class=\"col-lg-6 col-xl-7\">\n                <div class=\"content bold\">\n                                    <\/div>\n            <\/div>\n            <div class=\"col-lg-5 offset-lg-1 col-xl-4\">\n                <div class=\"content\">\n                                    <\/div>\n            <\/div>\n                            <div class=\"col-12 liens\">\n                                        <a class=\"bloc_lien\" href=\"https:\/\/tastyloire.com\/fr\/tasty-food\/\">\n                        <p class=\"titrefont\">Tasty Food<\/p>\n                        <svg xmlns=\"http:\/\/www.w3.org\/2000\/svg\" width=\"76\" height=\"76\" viewBox=\"0 0 76 76\">\n                            <g id=\"Groupe_5237\" data-name=\"Groupe 5237\" transform=\"translate(-823 -672)\">\n                                <path id=\"Icon_feather-chevron-down\" data-name=\"Icon feather-chevron-down\" d=\"M9,13.5l9.67,9.67,9.67-9.67\" transform=\"translate(842.5 692)\" fill=\"none\" stroke=\"#000fa0\" stroke-linecap=\"round\" stroke-linejoin=\"round\" stroke-width=\"3\" \/>\n                                <g id=\"Ellipse_27\" data-name=\"Ellipse 27\" transform=\"translate(823 672)\" fill=\"none\" stroke=\"#000fa0\" stroke-width=\"1\">\n                                    <circle cx=\"38\" cy=\"38\" r=\"38\" stroke=\"none\" \/>\n                                    <circle cx=\"38\" cy=\"38\" r=\"37.5\" fill=\"none\" \/>\n                                <\/g>\n                            <\/g>\n                        <\/svg>\n                    <\/a>\n                                        <a class=\"bloc_lien\" href=\"https:\/\/tastyloire.com\/fr\/tasty-wine\/\">\n                        <p class=\"titrefont\">Tasty Wine<\/p>\n                        <svg xmlns=\"http:\/\/www.w3.org\/2000\/svg\" width=\"76\" height=\"76\" viewBox=\"0 0 76 76\">\n                            <g id=\"Groupe_5237\" data-name=\"Groupe 5237\" transform=\"translate(-823 -672)\">\n                                <path id=\"Icon_feather-chevron-down\" data-name=\"Icon feather-chevron-down\" d=\"M9,13.5l9.67,9.67,9.67-9.67\" transform=\"translate(842.5 692)\" fill=\"none\" stroke=\"#000fa0\" stroke-linecap=\"round\" stroke-linejoin=\"round\" stroke-width=\"3\" \/>\n                                <g id=\"Ellipse_27\" data-name=\"Ellipse 27\" transform=\"translate(823 672)\" fill=\"none\" stroke=\"#000fa0\" stroke-width=\"1\">\n                                    <circle cx=\"38\" cy=\"38\" r=\"38\" stroke=\"none\" \/>\n                                    <circle cx=\"38\" cy=\"38\" r=\"37.5\" fill=\"none\" \/>\n                                <\/g>\n                            <\/g>\n                        <\/svg>\n                    <\/a>\n                                    <\/div>\n                    <\/div>\n    <\/div>\n<\/div>\n\n\n<div style=\"height:100px\" aria-hidden=\"true\" class=\"wp-block-spacer\"><\/div>\n\n\n\n<p><\/p>\n","protected":false},"excerpt":{"rendered":"<p>Une r\u00e9gion aux multiples facettes o\u00f9 il fait bon vivre La r\u00e9gion des Pays de la Loire est l&rsquo;une des 13 r\u00e9gions fran\u00e7aises m\u00e9tropolitaines, situ\u00e9e dans le Grand Ouest Fran\u00e7ais, entre Bretagne, R\u00e9gion parisienne et Nouvelle Aquitaine. Ce territoire jeune et dynamique fort de 3.8 millions d&rsquo;habitants est constitu\u00e9 de 5 d\u00e9partements (Loire-Atlantique, Maine-et-Loire, Mayenne, [&hellip;]<\/p>\n","protected":false},"author":1,"featured_media":0,"parent":0,"menu_order":0,"comment_status":"closed","ping_status":"closed","template":"template-our-territory.php","meta":{"_acf_changed":false,"footnotes":""},"class_list":["post-33200","page","type-page","status-publish","hentry"],"acf":[],"_links":{"self":[{"href":"https:\/\/tastyloire.com\/fr\/wp-json\/wp\/v2\/pages\/33200","targetHints":{"allow":["GET"]}}],"collection":[{"href":"https:\/\/tastyloire.com\/fr\/wp-json\/wp\/v2\/pages"}],"about":[{"href":"https:\/\/tastyloire.com\/fr\/wp-json\/wp\/v2\/types\/page"}],"author":[{"embeddable":true,"href":"https:\/\/tastyloire.com\/fr\/wp-json\/wp\/v2\/users\/1"}],"replies":[{"embeddable":true,"href":"https:\/\/tastyloire.com\/fr\/wp-json\/wp\/v2\/comments?post=33200"}],"version-history":[{"count":20,"href":"https:\/\/tastyloire.com\/fr\/wp-json\/wp\/v2\/pages\/33200\/revisions"}],"predecessor-version":[{"id":38790,"href":"https:\/\/tastyloire.com\/fr\/wp-json\/wp\/v2\/pages\/33200\/revisions\/38790"}],"wp:attachment":[{"href":"https:\/\/tastyloire.com\/fr\/wp-json\/wp\/v2\/media?parent=33200"}],"curies":[{"name":"wp","href":"https:\/\/api.w.org\/{rel}","templated":true}]}}