{"id":33197,"date":"2022-08-12T15:45:03","date_gmt":"2022-08-12T13:45:03","guid":{"rendered":"https:\/\/tastyloire.com\/2022\/?page_id=33197"},"modified":"2023-06-08T15:57:52","modified_gmt":"2023-06-08T13:57:52","slug":"tasty-wine","status":"publish","type":"page","link":"https:\/\/tastyloire.com\/fr\/tasty-wine","title":{"rendered":"Tasty Wine"},"content":{"rendered":"\n<h2 class=\"has-text-align-center wp-block-heading\">VINS ET SPIRITUEUX DES PAYS DE LA LOIRE<\/h2>\n\n\n\n<div style=\"height:22px\" aria-hidden=\"true\" class=\"wp-block-spacer\"><\/div>\n\n\n<div class=\"bloc_vague\">\n    <div class=\"container\">\n        <div class=\"row\">\n            <div class=\"vague  center\">\n                <img decoding=\"async\" src=\"https:\/\/tastyloire.com\/wp-content\/themes\/tastyloire\/images\/vague_titre.svg\" alt=\"Vague\" loading=\"lazy\"\/>\n            <\/div>\n        <\/div>\n    <\/div>\n<\/div>\n\n\n<div style=\"height:67px\" aria-hidden=\"true\" class=\"wp-block-spacer\"><\/div>\n\n\n\n<div class=\"wp-block-columns is-layout-flex wp-container-core-columns-is-layout-9d6595d7 wp-block-columns-is-layout-flex\">\n<div class=\"wp-block-column is-layout-flow wp-block-column-is-layout-flow\" style=\"flex-basis:25%\"><\/div>\n\n\n\n<div class=\"wp-block-column is-layout-flow wp-block-column-is-layout-flow\" style=\"flex-basis:50%\">\n<p class=\"has-text-align-center\">Depuis des si\u00e8cles, les vins sont cultiv\u00e9s dans la vall\u00e9e de la Loire, de l&rsquo;oc\u00e9an Atlantique jusqu&rsquo;aux terres bordant le plus long fleuve de France, la Loire.<br><br>Chaque appellation est soumise au contr\u00f4le du label europ\u00e9en selon une zone de production, les c\u00e9pages et les techniques de production. Avec <strong>plus de 40 000 hectares de vignes<\/strong>, le vignoble des Pays de la Loire est un territoire viticole riche et contrast\u00e9.<\/p>\n<\/div>\n\n\n\n<div class=\"wp-block-column is-layout-flow wp-block-column-is-layout-flow\" style=\"flex-basis:25%\"><\/div>\n<\/div>\n\n\n\n<div style=\"height:53px\" aria-hidden=\"true\" class=\"wp-block-spacer\"><\/div>\n\n\n<div class=\"bloc_titres_textes\">\n    <div class=\"container\">\n        <div class=\"row\">\n            <div class=\"col-lg-12\">\n                <p class=\"title titrefont\">DES VINS AUX MULTIPLES COULEURS<\/p>\n                            <\/div>\n        <\/div>\n    <\/div>\n<\/div>\n\n\n<div class=\"wp-block-columns is-layout-flex wp-container-core-columns-is-layout-9d6595d7 wp-block-columns-is-layout-flex\">\n<div class=\"wp-block-column is-layout-flow wp-block-column-is-layout-flow\" style=\"flex-basis:33.33%\">\n<figure class=\"wp-block-image size-large\"><img loading=\"lazy\" decoding=\"async\" width=\"2560\" height=\"2560\" src=\"https:\/\/tastyloire.com\/wp-content\/uploads\/2022\/09\/couleurs-vins-de-loire-coucher-de-soleil-vigne-grappe-raisin-edited-1-scaled.jpg\" alt=\"\" class=\"wp-image-33577\" srcset=\"https:\/\/tastyloire.com\/wp-content\/uploads\/2022\/09\/couleurs-vins-de-loire-coucher-de-soleil-vigne-grappe-raisin-edited-1-scaled.jpg 2560w, https:\/\/tastyloire.com\/wp-content\/uploads\/2022\/09\/couleurs-vins-de-loire-coucher-de-soleil-vigne-grappe-raisin-edited-1-300x300.jpg 300w, https:\/\/tastyloire.com\/wp-content\/uploads\/2022\/09\/couleurs-vins-de-loire-coucher-de-soleil-vigne-grappe-raisin-edited-1-1024x1024.jpg 1024w, https:\/\/tastyloire.com\/wp-content\/uploads\/2022\/09\/couleurs-vins-de-loire-coucher-de-soleil-vigne-grappe-raisin-edited-1-150x150.jpg 150w, https:\/\/tastyloire.com\/wp-content\/uploads\/2022\/09\/couleurs-vins-de-loire-coucher-de-soleil-vigne-grappe-raisin-edited-1-768x768.jpg 768w, https:\/\/tastyloire.com\/wp-content\/uploads\/2022\/09\/couleurs-vins-de-loire-coucher-de-soleil-vigne-grappe-raisin-edited-1-1536x1536.jpg 1536w, https:\/\/tastyloire.com\/wp-content\/uploads\/2022\/09\/couleurs-vins-de-loire-coucher-de-soleil-vigne-grappe-raisin-edited-1-2048x2048.jpg 2048w, https:\/\/tastyloire.com\/wp-content\/uploads\/2022\/09\/couleurs-vins-de-loire-coucher-de-soleil-vigne-grappe-raisin-edited-1-50x50.jpg 50w\" sizes=\"auto, (max-width: 2560px) 100vw, 2560px\" \/><\/figure>\n<\/div>\n\n\n\n<div class=\"wp-block-column is-layout-flow wp-block-column-is-layout-flow\" style=\"flex-basis:66.66%\"><div class=\"bloc_citation\">\n    <div class=\"container\">\n        <div class=\"row\">\n            <div class=\"col-12 col-lg-10 offset-lg-1 row citation\">\n                <img decoding=\"async\" class=\"quote_mark_left col-2 col-lg-1 offset-lg-1  align-self-start\" src=\"https:\/\/tastyloire.com\/wp-content\/themes\/tastyloire\/images\/left_quote.svg\" alt=\"\"><\/img>\n                <q class=\"col-lg-8 titrefont\">Des vignobles de Nantes \u00e0 l\u2019Anjou-Saumur, en passant par les Fiefs Vend\u00e9ens ou encore la Vall\u00e9e du Loir, les vins des Pays de la Loire se d\u00e9clinent sous toutes les couleurs.<\/q>\n                <img decoding=\"async\" class=\"quote_mark_right col-2 col-lg-1 align-self-end\" src=\"https:\/\/tastyloire.com\/wp-content\/themes\/tastyloire\/images\/right_quote.svg\" alt=\"\"><\/img> \n            <\/div>\n        <\/div>\n    <\/div>\n<\/div><\/div>\n<\/div>\n\n\n\n<div style=\"height:53px\" aria-hidden=\"true\" class=\"wp-block-spacer\"><\/div>\n\n\n<div class=\"bloc_titres_textes\">\n    <div class=\"container\">\n        <div class=\"row\">\n            <div class=\"col-lg-12\">\n                <p class=\"title titrefont\"><\/p>\n                                <div class=\"items\">\n                                        <div class=\"item\">\n                        <h3 class=\"titrefont\">Entre Anjou et Saumur<\/h3>\n                        <hr>\n                        <div class=\"content\">\n                            <p>En Anjou et Saumur, les vignobles s\u2019\u00e9tendent sur 21 400 hectares r\u00e9partis en 19 appellations. On y cultive le Cabernet franc, principalement pour le vin rouge, dont il est le premier c\u00e9page de la r\u00e9gion. Les AOC de Saumur, Saumur-Champigny, Anjou ou Cabernet d&rsquo;Anjou sont consid\u00e9r\u00e9s comme l&rsquo;arch\u00e9type du Cabernet franc.<\/p>\n<p>Mais on retrouve \u00e9galement dans les vignes les c\u00e9pages de Grolleau, Gamay, Cabernet Sauvignon, Pineau d&rsquo;Aunis, Chardonnay et enfin le Chenin, le c\u00e9page roi des vins blancs pour cette partie de la r\u00e9gion.<\/p>\n<p>Le Chenin tire son expression des sols calcaires, appel\u00e9s Tuffeau. Des pierres iconiques puisqu\u2019elles ont servi \u00e0 construire les ch\u00e2teaux de la Loire.\u00a0 Avec ce c\u00e9page, sur la rive sud de la Loire, les vins de l&rsquo;AOC Coteaux du Layon, Coteaux de l\u2019Aubance, Bonnezeaux, ou encore Quarts de Chaume, sont des vins moelleux extr\u00eamement aromatiques. Sans oublier les vignobles des grands chenins secs de l\u2019AOC Savenni\u00e8res ou de Saumur.<\/p>\n<p>&nbsp;<\/p>\n                        <\/div>\n                    <\/div>\n                                        <div class=\"item\">\n                        <h3 class=\"titrefont\">Le pays Nantais<\/h3>\n                        <hr>\n                        <div class=\"content\">\n                            <p>Dans le Pays Nantais, le c\u00e9page qui domine la r\u00e9gion est le Melon de Bourgogne. Ce c\u00e9page blanc a \u00e9t\u00e9 introduit dans la partie basse de la vall\u00e9e de la Loire au XVIIe si\u00e8cle par des moines. Tr\u00e8s majoritairement utilis\u00e9 sur cette partie du territoire, il d\u00e9passe les c\u00e9l\u00e8bres sauvignon blanc et chenin blanc en \u00e9tant le c\u00e9page blanc le plus cultiv\u00e9 sur la Loire en volume.<\/p>\n<p>De son c\u00f4t\u00e9, le Melon de Bourgogne est soumis \u00e0 un climat oc\u00e9anique qui donne \u00e0 chaque mill\u00e9sime une sp\u00e9cificit\u00e9 particuli\u00e8re avec des notes min\u00e9rales, notamment pour l&rsquo;appellation Muscadet. Elle est amplifi\u00e9e lorsqu&rsquo;il est vinifi\u00e9 sur \u00ab\u00a0lie\u00a0\u00bb (d\u00e9p\u00f4t suite \u00e0 la fermentation alcoolique). Il se marie merveilleusement bien avec les fruits de mer, et plus particuli\u00e8rement avec les hu\u00eetres.<\/p>\n<p>Plus \u00e0 l&rsquo;est dans les terres, les Coteaux d&rsquo;Ancenis, rouges, blancs ou ros\u00e9s, offrent des ar\u00f4mes fruit\u00e9s aux amateurs de vins doux.<\/p>\n<p>&nbsp;<\/p>\n                        <\/div>\n                    <\/div>\n                                        <div class=\"item\">\n                        <h3 class=\"titrefont\">Le sud de la r\u00e9gion<\/h3>\n                        <hr>\n                        <div class=\"content\">\n                            <p>Dans le sud de la r\u00e9gion, c\u2019est l\u2019AOC Fiefs-Vend\u00e9ens qui pr\u00e9domine. Des vins aux saveurs uniques qui se marient parfaitement avec les mets de la r\u00e9gion.<\/p>\n                        <\/div>\n                    <\/div>\n                                        <div class=\"item\">\n                        <h3 class=\"titrefont\">Les fines bulles<\/h3>\n                        <hr>\n                        <div class=\"content\">\n                            <p>Pour les fines bulles, le cr\u00e9mant blanc ou ros\u00e9 est le produit des belles maisons viticoles, notamment autour de Saumur, qui l&rsquo;ont hiss\u00e9 au rang des grands vins mousseux de France.<\/p>\n                        <\/div>\n                    <\/div>\n                                    <\/div>\n                            <\/div>\n        <\/div>\n    <\/div>\n<\/div>\n\n\n<div style=\"height:78px\" aria-hidden=\"true\" class=\"wp-block-spacer\"><\/div>\n\n\n\n<div class=\"wp-block-buttons is-content-justification-center is-layout-flex wp-container-core-buttons-is-layout-16018d1d wp-block-buttons-is-layout-flex\">\n<div class=\"wp-block-button\"><a class=\"wp-block-button__link wp-element-button\" href=\"https:\/\/tastyloire.com\/fr\/vins-spiritueux-biere-et-cidre\/?term_id=98\" target=\"_blank\" rel=\"noreferrer noopener\">D\u00e9couvrez nos vins<\/a><\/div>\n<\/div>\n\n\n\n<div style=\"height:51px\" aria-hidden=\"true\" class=\"wp-block-spacer\"><\/div>\n\n\n\n<div class=\"wp-block-columns is-layout-flex wp-container-core-columns-is-layout-9d6595d7 wp-block-columns-is-layout-flex\">\n<div class=\"wp-block-column is-layout-flow wp-block-column-is-layout-flow\"><div class=\"wp-block-image\">\n<figure class=\"aligncenter size-large\"><img loading=\"lazy\" decoding=\"async\" width=\"1024\" height=\"378\" src=\"https:\/\/tastyloire.com\/wp-content\/uploads\/2022\/09\/vin-loire-anjou-1-1024x378.jpg\" alt=\"\" class=\"wp-image-33585\" srcset=\"https:\/\/tastyloire.com\/wp-content\/uploads\/2022\/09\/vin-loire-anjou-1-1024x378.jpg 1024w, https:\/\/tastyloire.com\/wp-content\/uploads\/2022\/09\/vin-loire-anjou-1-300x111.jpg 300w, https:\/\/tastyloire.com\/wp-content\/uploads\/2022\/09\/vin-loire-anjou-1-768x283.jpg 768w, https:\/\/tastyloire.com\/wp-content\/uploads\/2022\/09\/vin-loire-anjou-1-1536x567.jpg 1536w, https:\/\/tastyloire.com\/wp-content\/uploads\/2022\/09\/vin-loire-anjou-1-2048x756.jpg 2048w, https:\/\/tastyloire.com\/wp-content\/uploads\/2022\/09\/vin-loire-anjou-1-135x50.jpg 135w\" sizes=\"auto, (max-width: 1024px) 100vw, 1024px\" \/><\/figure>\n<\/div><\/div>\n<\/div>\n\n\n\n<div style=\"height:100px\" aria-hidden=\"true\" class=\"wp-block-spacer\"><\/div>\n\n\n\n<h2 class=\"has-text-align-center wp-block-heading\">DES SPIRITUEUX UNIQUES<\/h2>\n\n\n\n<div style=\"height:20px\" aria-hidden=\"true\" class=\"wp-block-spacer\"><\/div>\n\n\n<div class=\"bloc_vague\">\n    <div class=\"container\">\n        <div class=\"row\">\n            <div class=\"vague  center\">\n                <img decoding=\"async\" src=\"https:\/\/tastyloire.com\/wp-content\/themes\/tastyloire\/images\/vague_titre.svg\" alt=\"Vague\" loading=\"lazy\"\/>\n            <\/div>\n        <\/div>\n    <\/div>\n<\/div>\n\n\n<div style=\"height:67px\" aria-hidden=\"true\" class=\"wp-block-spacer\"><\/div>\n\n\n<div class=\"text_photo_right\">\n    <div class=\"container\">\n        <div class=\"texte_photo row\">\n            <div class=\"col-lg-7 p-0\">\n                <p class=\"title titrefont\"><\/h2>\n                <hr>\n                <p>Depuis des si\u00e8cles, nous distillons et associons les ar\u00f4mes naturels les plus complexes.<\/p>\n<p>Au rayon spiritueux, la R\u00e9gion Pays de La Loire n\u2019est pas en reste, notamment dans le d\u00e9partement du Maine et Loire.<\/p>\n<p>Saint-Barth\u00e9lemy-d\u2019Anjou abreuve la plan\u00e8te de liqueur d\u2019orange gr\u00e2ce \u00e0 la distillerie Cointreau.<\/p>\n<p>Giffard, sp\u00e9cialiste des liqueurs et sirops, exporte dans une centaine de pays, ses produits dont les plus embl\u00e9matiques : la menthe pastille et le guignolet.<\/p>\n<p>La Mayenne est le berceau de l\u2019eau-de-vie nomm\u00e9e Fine du Maine, au go\u00fbt tr\u00e8s proche de celui du Calvados. M\u00e9lang\u00e9e \u00e0 du mo\u00fbt de pommes, elle permet de fabriquer le Pommeau du Maine, m\u00fbri en f\u00fbt de ch\u00eane pour affermir son caract\u00e8re.<\/p>\n<p>En Vend\u00e9e, les cr\u00e9ations de la Distillerie Vrignaud, liquoristerie aux recettes authentiques, r\u00e9pondent au renouveau actuel du monde des spiritueux.<\/p>\n<p>D\u00e9couvrez nos produits (lien direct)<\/p>\n<p>&nbsp;<\/p>\n            <\/div>\n            <div class=\"post_img col-lg-5\">\n                <img loading=\"lazy\" decoding=\"async\" width=\"2560\" height=\"1703\" src=\"https:\/\/tastyloire.com\/wp-content\/uploads\/2022\/09\/distillerie-scaled.jpg\" class=\"attachment-original size-original\" alt=\"\" srcset=\"https:\/\/tastyloire.com\/wp-content\/uploads\/2022\/09\/distillerie-scaled.jpg 2560w, https:\/\/tastyloire.com\/wp-content\/uploads\/2022\/09\/distillerie-300x200.jpg 300w, https:\/\/tastyloire.com\/wp-content\/uploads\/2022\/09\/distillerie-1024x681.jpg 1024w, https:\/\/tastyloire.com\/wp-content\/uploads\/2022\/09\/distillerie-768x511.jpg 768w, https:\/\/tastyloire.com\/wp-content\/uploads\/2022\/09\/distillerie-1536x1022.jpg 1536w, https:\/\/tastyloire.com\/wp-content\/uploads\/2022\/09\/distillerie-2048x1363.jpg 2048w, https:\/\/tastyloire.com\/wp-content\/uploads\/2022\/09\/distillerie-75x50.jpg 75w\" sizes=\"auto, (max-width: 2560px) 100vw, 2560px\" \/>                <p class=\"legend\"><\/p>\n            <\/div>\n        <\/div>\n    <\/div>\n<\/div>\n\n\n<div class=\"wp-block-buttons is-content-justification-center is-layout-flex wp-container-core-buttons-is-layout-16018d1d wp-block-buttons-is-layout-flex\">\n<div class=\"wp-block-button\"><a class=\"wp-block-button__link wp-element-button\" href=\"https:\/\/tastyloire.com\/fr\/vins-spiritueux-biere-et-cidre\/?term_id=94\" target=\"_blank\" rel=\"noreferrer noopener\">D\u00e9couvrez nos spiritueux<\/a><\/div>\n<\/div>\n\n\n\n<div style=\"height:100px\" aria-hidden=\"true\" class=\"wp-block-spacer\"><\/div>\n\n\n\n<h2 class=\"has-text-align-center wp-block-heading\">UNE PRODUCTION DE BI\u00c8RES ARTISANALES EN CONSTANTE PROGRESSION<\/h2>\n\n\n\n<div style=\"height:20px\" aria-hidden=\"true\" class=\"wp-block-spacer\"><\/div>\n\n\n<div class=\"bloc_vague\">\n    <div class=\"container\">\n        <div class=\"row\">\n            <div class=\"vague  center\">\n                <img decoding=\"async\" src=\"https:\/\/tastyloire.com\/wp-content\/themes\/tastyloire\/images\/vague_titre.svg\" alt=\"Vague\" loading=\"lazy\"\/>\n            <\/div>\n        <\/div>\n    <\/div>\n<\/div>\n\n\n<div style=\"height:67px\" aria-hidden=\"true\" class=\"wp-block-spacer\"><\/div>\n\n\n\n<div class=\"wp-block-columns is-layout-flex wp-container-core-columns-is-layout-9d6595d7 wp-block-columns-is-layout-flex\">\n<div class=\"wp-block-column is-layout-flow wp-block-column-is-layout-flow\" style=\"flex-basis:66.66%\">\n<figure class=\"wp-block-image size-large\"><img loading=\"lazy\" decoding=\"async\" width=\"1024\" height=\"683\" src=\"https:\/\/tastyloire.com\/wp-content\/uploads\/2022\/09\/brasserie-1024x683.jpg\" alt=\"\" class=\"wp-image-33313\" srcset=\"https:\/\/tastyloire.com\/wp-content\/uploads\/2022\/09\/brasserie-1024x683.jpg 1024w, https:\/\/tastyloire.com\/wp-content\/uploads\/2022\/09\/brasserie-300x200.jpg 300w, https:\/\/tastyloire.com\/wp-content\/uploads\/2022\/09\/brasserie-768x513.jpg 768w, https:\/\/tastyloire.com\/wp-content\/uploads\/2022\/09\/brasserie-1536x1025.jpg 1536w, https:\/\/tastyloire.com\/wp-content\/uploads\/2022\/09\/brasserie-2048x1367.jpg 2048w, https:\/\/tastyloire.com\/wp-content\/uploads\/2022\/09\/brasserie-75x50.jpg 75w\" sizes=\"auto, (max-width: 1024px) 100vw, 1024px\" \/><\/figure>\n<\/div>\n\n\n\n<div class=\"wp-block-column is-layout-flow wp-block-column-is-layout-flow\" style=\"flex-basis:33.33%\">\n<p>Notre r\u00e9gion est riche d\u2019une centaine de brasseurs. La culture brassicole des Pays de la Loire prend racine en r\u00e9gion nantaise.<br>La pr\u00e9sence de brasseurs y remonte au XVIIe si\u00e8cle, mais c\u2019est surtout au XIXe que l\u2019activit\u00e9 se d\u00e9veloppe.<br><br>L\u2019arriv\u00e9e d\u2019un brasseur autrichien, ancien prisonnier des guerres napol\u00e9oniennes, puis de quelques-uns de ses compatriotes, va pr\u00e9cipiter les choses. En 1815, Freudenthaler, installe sa brasserie \u00e0 la Grande Biesse. Quelques d\u00e9cennies plus tard, les familles des brasseurs autrichiens s\u2019associent et fondent la Brasserie nantaise.<br>Install\u00e9 tout pr\u00e8s de la gare de Chantenay, le site est id\u00e9al pour l\u2019approvisionnement d\u2019orge et de houblon. Pendant pr\u00e8s de 80 ans, elle sera l\u2019un des fleurons de l\u2019agroalimentaire local avant de fermer d\u00e9finitivement ses portes en 1985 apr\u00e8s son rachat par le groupe Gervais-Danone.<br>Au d\u00e9but du XIXe si\u00e8cle, de nombreuses petites brasseries artisanales voient le jour gr\u00e2ce \u00e0 des passionn\u00e9s de bi\u00e8res, et couvrent rapidement tout le territoire.<br><br>Aujourd\u2019hui, la r\u00e9gion des Pays de la Loire compte pr\u00e8s de 70 brasseries artisanales, et la tendance des bi\u00e8res de sp\u00e9cialit\u00e9 et artisanales porte le march\u00e9 au-del\u00e0 des fronti\u00e8res lig\u00e9riennes.<\/p>\n\n\n\n<p><\/p>\n\n\n\n<div class=\"wp-block-buttons is-layout-flex wp-block-buttons-is-layout-flex\"><\/div>\n<\/div>\n<\/div>\n\n\n\n<div class=\"wp-block-buttons is-content-justification-center is-layout-flex wp-container-core-buttons-is-layout-16018d1d wp-block-buttons-is-layout-flex\">\n<div class=\"wp-block-button\"><a class=\"wp-block-button__link wp-element-button\" href=\"https:\/\/tastyloire.com\/fr\/vins-spiritueux-biere-et-cidre\/?term_id=92\" target=\"_blank\" rel=\"noreferrer noopener\">D\u00e9couvrez nos bi\u00e8res<\/a><\/div>\n<\/div>\n\n\n\n<div style=\"height:140px\" aria-hidden=\"true\" class=\"wp-block-spacer\"><\/div>\n\n\n\n<h2 class=\"has-text-align-center wp-block-heading\">D\u00c9GUSTEZ NOS CIDRES<\/h2>\n\n\n\n<div style=\"height:22px\" aria-hidden=\"true\" class=\"wp-block-spacer\"><\/div>\n\n\n<div class=\"bloc_vague\">\n    <div class=\"container\">\n        <div class=\"row\">\n            <div class=\"vague  center\">\n                <img decoding=\"async\" src=\"https:\/\/tastyloire.com\/wp-content\/themes\/tastyloire\/images\/vague_titre.svg\" alt=\"Vague\" loading=\"lazy\"\/>\n            <\/div>\n        <\/div>\n    <\/div>\n<\/div>\n\n\n<div style=\"height:67px\" aria-hidden=\"true\" class=\"wp-block-spacer\"><\/div>\n\n\n<div class=\"text_photo_right\">\n    <div class=\"container\">\n        <div class=\"texte_photo row\">\n            <div class=\"col-lg-7 p-0\">\n                <p class=\"title titrefont\"><\/h2>\n                <hr>\n                <p>La production de pommes \u00e0 cidre dans les Pays de la Loire couvre 1 200 ha. En moyenne, la R\u00e9gion produit environ 38 500 tonnes de pommes \u00e0 cidre.<\/p>\n<p>&nbsp;<\/p>\n<p>En Mayenne principalement, les nombreux vergers produisent le cidre du Maine. Plus rond que son voisin le cidre normand, moins acide que son cousin breton, le cidre du Maine se r\u00e9v\u00e8le \u00e9tonnement fruit\u00e9.<\/p>\n<p>&nbsp;<\/p>\n<p>En Sarthe, quelques exploitations produisent \u00e9galement un excellent cidre fermier.<\/p>\n            <\/div>\n            <div class=\"post_img col-lg-5\">\n                <img loading=\"lazy\" decoding=\"async\" width=\"2560\" height=\"1707\" src=\"https:\/\/tastyloire.com\/wp-content\/uploads\/2022\/09\/cidre-region-pays-de-la-loire-scaled.jpg\" class=\"attachment-original size-original\" alt=\"\" srcset=\"https:\/\/tastyloire.com\/wp-content\/uploads\/2022\/09\/cidre-region-pays-de-la-loire-scaled.jpg 2560w, https:\/\/tastyloire.com\/wp-content\/uploads\/2022\/09\/cidre-region-pays-de-la-loire-300x200.jpg 300w, https:\/\/tastyloire.com\/wp-content\/uploads\/2022\/09\/cidre-region-pays-de-la-loire-1024x683.jpg 1024w, https:\/\/tastyloire.com\/wp-content\/uploads\/2022\/09\/cidre-region-pays-de-la-loire-768x512.jpg 768w, https:\/\/tastyloire.com\/wp-content\/uploads\/2022\/09\/cidre-region-pays-de-la-loire-1536x1024.jpg 1536w, https:\/\/tastyloire.com\/wp-content\/uploads\/2022\/09\/cidre-region-pays-de-la-loire-2048x1365.jpg 2048w, https:\/\/tastyloire.com\/wp-content\/uploads\/2022\/09\/cidre-region-pays-de-la-loire-75x50.jpg 75w\" sizes=\"auto, (max-width: 2560px) 100vw, 2560px\" \/>                <p class=\"legend\"><\/p>\n            <\/div>\n        <\/div>\n    <\/div>\n<\/div>\n\n\n<div class=\"wp-block-buttons is-content-justification-center is-layout-flex wp-container-core-buttons-is-layout-16018d1d wp-block-buttons-is-layout-flex\">\n<div class=\"wp-block-button\"><a class=\"wp-block-button__link wp-element-button\" href=\"https:\/\/tastyloire.com\/fr\/vins-spiritueux-biere-et-cidre\/?term_id=93\" target=\"_blank\" rel=\"noreferrer noopener\">D\u00e9couvrez nos cidres<\/a><\/div>\n<\/div>\n\n\n\n<div style=\"height:100px\" aria-hidden=\"true\" class=\"wp-block-spacer\"><\/div>\n\n\n<div class=\"bloc_separateur\">\n    <div class=\"container\">\n        <div class=\"row\">\n            <div class=\"col-12 separateur\">\n                <img decoding=\"async\" src=\"https:\/\/tastyloire.com\/wp-content\/themes\/tastyloire\/images\/logo_mobile.svg\" alt=\"Logo\"\/>\n            <div>\n        <\/div>\n    <\/div>\n<\/div>\n\n<div class=\"bloc_texte_bloc_lien\">\n    <div class=\"container\">\n        <div class=\"row\">\n            <div class=\"col-lg-6 col-xl-7\">\n                <div class=\"content bold\">\n                                    <\/div>\n            <\/div>\n            <div class=\"col-lg-5 offset-lg-1 col-xl-4\">\n                <div class=\"content\">\n                                    <\/div>\n            <\/div>\n                            <div class=\"col-12 liens\">\n                                        <a class=\"bloc_lien\" href=\"https:\/\/tastyloire.com\/fr\/tasty-region\/\">\n                        <p class=\"titrefont\">Tasty region<\/p>\n                        <svg xmlns=\"http:\/\/www.w3.org\/2000\/svg\" width=\"76\" height=\"76\" viewBox=\"0 0 76 76\">\n                            <g id=\"Groupe_5237\" data-name=\"Groupe 5237\" transform=\"translate(-823 -672)\">\n                                <path id=\"Icon_feather-chevron-down\" data-name=\"Icon feather-chevron-down\" d=\"M9,13.5l9.67,9.67,9.67-9.67\" transform=\"translate(842.5 692)\" fill=\"none\" stroke=\"#000fa0\" stroke-linecap=\"round\" stroke-linejoin=\"round\" stroke-width=\"3\" \/>\n                                <g id=\"Ellipse_27\" data-name=\"Ellipse 27\" transform=\"translate(823 672)\" fill=\"none\" stroke=\"#000fa0\" stroke-width=\"1\">\n                                    <circle cx=\"38\" cy=\"38\" r=\"38\" stroke=\"none\" \/>\n                                    <circle cx=\"38\" cy=\"38\" r=\"37.5\" fill=\"none\" \/>\n                                <\/g>\n                            <\/g>\n                        <\/svg>\n                    <\/a>\n                                        <a class=\"bloc_lien\" href=\"https:\/\/tastyloire.com\/fr\/tasty-food\/\">\n                        <p class=\"titrefont\">Tasty food<\/p>\n                        <svg xmlns=\"http:\/\/www.w3.org\/2000\/svg\" width=\"76\" height=\"76\" viewBox=\"0 0 76 76\">\n                            <g id=\"Groupe_5237\" data-name=\"Groupe 5237\" transform=\"translate(-823 -672)\">\n                                <path id=\"Icon_feather-chevron-down\" data-name=\"Icon feather-chevron-down\" d=\"M9,13.5l9.67,9.67,9.67-9.67\" transform=\"translate(842.5 692)\" fill=\"none\" stroke=\"#000fa0\" stroke-linecap=\"round\" stroke-linejoin=\"round\" stroke-width=\"3\" \/>\n                                <g id=\"Ellipse_27\" data-name=\"Ellipse 27\" transform=\"translate(823 672)\" fill=\"none\" stroke=\"#000fa0\" stroke-width=\"1\">\n                                    <circle cx=\"38\" cy=\"38\" r=\"38\" stroke=\"none\" \/>\n                                    <circle cx=\"38\" cy=\"38\" r=\"37.5\" fill=\"none\" \/>\n                                <\/g>\n                            <\/g>\n                        <\/svg>\n                    <\/a>\n                                    <\/div>\n                    <\/div>\n    <\/div>\n<\/div>\n\n\n<div style=\"height:100px\" aria-hidden=\"true\" class=\"wp-block-spacer\"><\/div>\n","protected":false},"excerpt":{"rendered":"<p>VINS ET SPIRITUEUX DES PAYS DE LA LOIRE Depuis des si\u00e8cles, les vins sont cultiv\u00e9s dans la vall\u00e9e de la Loire, de l&rsquo;oc\u00e9an Atlantique jusqu&rsquo;aux terres bordant le plus long fleuve de France, la Loire. Chaque appellation est soumise au contr\u00f4le du label europ\u00e9en selon une zone de production, les c\u00e9pages et les techniques de [&hellip;]<\/p>\n","protected":false},"author":1,"featured_media":0,"parent":0,"menu_order":0,"comment_status":"closed","ping_status":"closed","template":"template-our-territory.php","meta":{"_acf_changed":false,"footnotes":""},"class_list":["post-33197","page","type-page","status-publish","hentry"],"acf":[],"_links":{"self":[{"href":"https:\/\/tastyloire.com\/fr\/wp-json\/wp\/v2\/pages\/33197","targetHints":{"allow":["GET"]}}],"collection":[{"href":"https:\/\/tastyloire.com\/fr\/wp-json\/wp\/v2\/pages"}],"about":[{"href":"https:\/\/tastyloire.com\/fr\/wp-json\/wp\/v2\/types\/page"}],"author":[{"embeddable":true,"href":"https:\/\/tastyloire.com\/fr\/wp-json\/wp\/v2\/users\/1"}],"replies":[{"embeddable":true,"href":"https:\/\/tastyloire.com\/fr\/wp-json\/wp\/v2\/comments?post=33197"}],"version-history":[{"count":12,"href":"https:\/\/tastyloire.com\/fr\/wp-json\/wp\/v2\/pages\/33197\/revisions"}],"predecessor-version":[{"id":51482,"href":"https:\/\/tastyloire.com\/fr\/wp-json\/wp\/v2\/pages\/33197\/revisions\/51482"}],"wp:attachment":[{"href":"https:\/\/tastyloire.com\/fr\/wp-json\/wp\/v2\/media?parent=33197"}],"curies":[{"name":"wp","href":"https:\/\/api.w.org\/{rel}","templated":true}]}}